{"id":45,"date":"2017-12-21T21:36:02","date_gmt":"2017-12-21T18:36:02","guid":{"rendered":"http:\/\/demo.gesro.net\/teknikservis\/?page_id=45"},"modified":"2020-06-30T21:35:55","modified_gmt":"2020-06-30T18:35:55","slug":"hakkimizda","status":"publish","type":"page","link":"http:\/\/fototamir.com\/?page_id=45","title":{"rendered":"Hakk\u0131mda"},"content":{"rendered":"<p class=\"text-center\">K\u00fc\u00e7\u00fck ya\u015flarda \u00e7\u0131rakl\u0131ktan yeti\u015fme Elektrik ve Elektrikli ev aletleri alan\u0131nda\u00a0 \u00e7al\u0131\u015farak, Sonras\u0131nda Kad\u0131k\u00f6y Yaz\u0131c\u0131o\u011flu \u0130\u015f han\u0131\u00a0 Elektronik \u00dcr\u00fcnler \u00fczerinde elektronik tamirinde kendimi\u00a0 geli\u015ftirerek, 2003 y\u0131llar\u0131ndan\u00a0 sonra\u00a0 kompakt foto\u011fraf makineleri ile ba\u015flay\u0131p, 2005 y\u0131llar\u0131nda tam anlam\u0131yla\u00a0 foto\u011fraf makinesi Kamera\u00a0 Lens\u00a0 dal\u0131nda uzmanla\u015fm\u0131\u015f,\u00a0 \u00e7e\u015fitli\u00a0 kurumsal\u00a0 firmalarda\u00a0 tecr\u00fcbe edinerek\u00a0 \u00a0Profesyonel tamir ve Bak\u0131m\u00a0 Hizmeti\u00a0 Veriyoruz..<\/p>\n<h3 style=\"text-align: center;\">Baz\u0131 kareler<\/h3>\n<h3 class=\"text-center\">\u00a0 \u00a0 <img loading=\"lazy\" decoding=\"async\" class=\"alignnone wp-image-379 size-thumbnail\" src=\"http:\/\/fototamir.com\/wp-content\/uploads\/2020\/06\/3-1-150x150.png\" alt=\"\" width=\"150\" height=\"150\" \/>\u00a0 \u00a0 \u00a0 <img loading=\"lazy\" decoding=\"async\" class=\"alignnone wp-image-380 size-thumbnail\" src=\"http:\/\/fototamir.com\/wp-content\/uploads\/2020\/06\/5-150x150.png\" alt=\"\" width=\"150\" height=\"150\" \/>\u00a0 \u00a0 \u00a0 <img loading=\"lazy\" decoding=\"async\" class=\"alignnone wp-image-377 size-thumbnail\" src=\"http:\/\/fototamir.com\/wp-content\/uploads\/2020\/06\/1-150x150.png\" alt=\"\" width=\"150\" height=\"150\" \/><\/h3>\n<h3 class=\"text-center\">\u00a0 \u00a0 <img loading=\"lazy\" decoding=\"async\" class=\"alignnone wp-image-378 size-thumbnail\" src=\"http:\/\/fototamir.com\/wp-content\/uploads\/2020\/06\/2-150x150.png\" alt=\"\" width=\"150\" height=\"150\" \/>\u00a0 \u00a0 \u00a0 <img loading=\"lazy\" decoding=\"async\" class=\"alignnone wp-image-383 size-thumbnail\" src=\"http:\/\/fototamir.com\/wp-content\/uploads\/2020\/06\/8-150x150.png\" alt=\"\" width=\"150\" height=\"150\" srcset=\"http:\/\/fototamir.com\/wp-content\/uploads\/2020\/06\/8-150x150.png 150w, http:\/\/fototamir.com\/wp-content\/uploads\/2020\/06\/8-300x300.png 300w, http:\/\/fototamir.com\/wp-content\/uploads\/2020\/06\/8.png 400w\" sizes=\"auto, (max-width: 150px) 100vw, 150px\" \/>\u00a0 \u00a0 \u00a0 <img loading=\"lazy\" decoding=\"async\" class=\"alignnone wp-image-384 size-thumbnail\" src=\"http:\/\/fototamir.com\/wp-content\/uploads\/2020\/06\/9-150x150.png\" alt=\"\" width=\"150\" height=\"150\" \/><\/h3>\n<h3 class=\"text-center\">\u00a0 \u00a0 <img loading=\"lazy\" decoding=\"async\" class=\"alignnone wp-image-382 size-thumbnail\" src=\"http:\/\/fototamir.com\/wp-content\/uploads\/2020\/06\/7-150x150.png\" alt=\"\" width=\"150\" height=\"150\" \/>\u00a0 \u00a0 \u00a0 <img loading=\"lazy\" decoding=\"async\" class=\"alignnone wp-image-381 size-thumbnail\" src=\"http:\/\/fototamir.com\/wp-content\/uploads\/2020\/06\/6-150x150.png\" alt=\"\" width=\"150\" height=\"150\" \/>\u00a0 \u00a0 \u00a0 <img loading=\"lazy\" decoding=\"async\" class=\"alignnone wp-image-385 size-thumbnail\" src=\"http:\/\/fototamir.com\/wp-content\/uploads\/2020\/06\/10-150x150.png\" alt=\"\" width=\"150\" height=\"150\" \/><\/h3>\n<h3 class=\"text-center\">\u00a0Hizmet Verdi\u011fimiz Markalar<\/h3>\n<p><img loading=\"lazy\" decoding=\"async\" class=\"alignnone wp-image-250 \" src=\"http:\/\/fototamir.com\/wp-content\/uploads\/2020\/06\/Canon-logo-e1593216606691-150x65.jpg\" alt=\"\" width=\"113\" height=\"49\" \/>\u00a0 \u00a0<img loading=\"lazy\" decoding=\"async\" class=\"alignnone wp-image-202 \" src=\"http:\/\/fototamir.com\/wp-content\/uploads\/2017\/12\/nikon-e1593216688676.jpg\" alt=\"\" width=\"86\" height=\"54\" \/>\u00a0 \u00a0<img loading=\"lazy\" decoding=\"async\" class=\"alignnone size-full wp-image-203\" src=\"http:\/\/fototamir.com\/wp-content\/uploads\/2017\/12\/sony.gif\" alt=\"\" width=\"115\" height=\"45\" \/> \u00a0 <img loading=\"lazy\" decoding=\"async\" class=\"alignnone  wp-image-204\" src=\"http:\/\/fototamir.com\/wp-content\/uploads\/2017\/12\/tamron.jpg\" alt=\"\" width=\"116\" height=\"80\" srcset=\"http:\/\/fototamir.com\/wp-content\/uploads\/2017\/12\/tamron.jpg 175w, http:\/\/fototamir.com\/wp-content\/uploads\/2017\/12\/tamron-e1593217426576-150x103.jpg 150w\" sizes=\"auto, (max-width: 116px) 100vw, 116px\" \/> \u00a0 \u00a0<img loading=\"lazy\" decoding=\"async\" class=\"alignnone size-full wp-image-205\" src=\"http:\/\/fototamir.com\/wp-content\/uploads\/2017\/12\/sigma.jpg\" alt=\"\" width=\"125\" height=\"75\" \/> \u00a0 <img loading=\"lazy\" decoding=\"async\" class=\"alignnone wp-image-208 \" src=\"http:\/\/fototamir.com\/wp-content\/uploads\/2017\/12\/fuj\u0131flim.jpg\" alt=\"\" width=\"166\" height=\"31\" \/> \u00a0 <img loading=\"lazy\" decoding=\"async\" class=\"alignnone  wp-image-209\" src=\"http:\/\/fototamir.com\/wp-content\/uploads\/2017\/12\/samsung.jpg\" alt=\"\" width=\"116\" height=\"77\" \/>\u00a0 \u00a0<img loading=\"lazy\" decoding=\"async\" class=\"alignnone size-full wp-image-207\" src=\"http:\/\/fototamir.com\/wp-content\/uploads\/2017\/12\/olympus.gif\" alt=\"\" width=\"120\" height=\"50\" \/>\u00a0 \u00a0<img loading=\"lazy\" decoding=\"async\" class=\"alignnone  wp-image-206\" src=\"http:\/\/fototamir.com\/wp-content\/uploads\/2017\/12\/panasonic.jpeg\" alt=\"\" width=\"106\" height=\"61\" \/><\/p>\n<div class=\"row\">\n<div class=\"col-sm-6 col-lg-5 col-lg-offset-1\"><\/div>\n<\/div>\n","protected":false},"excerpt":{"rendered":"<p>K\u00fc\u00e7\u00fck ya\u015flarda \u00e7\u0131rakl\u0131ktan yeti\u015fme Elektrik ve Elektrikli ev aletleri alan\u0131nda\u00a0 \u00e7al\u0131\u015farak, Sonras\u0131nda Kad\u0131k\u00f6y Yaz\u0131c\u0131o\u011flu \u0130\u015f han\u0131\u00a0 Elektronik \u00dcr\u00fcnler \u00fczerinde elektronik tamirinde kendimi\u00a0 geli\u015ftirerek, 2003 y\u0131llar\u0131ndan\u00a0 sonra\u00a0 kompakt foto\u011fraf makineleri ile ba\u015flay\u0131p, 2005 y\u0131llar\u0131nda tam anlam\u0131yla\u00a0 foto\u011fraf makinesi Kamera\u00a0 Lens\u00a0 dal\u0131nda uzmanla\u015fm\u0131\u015f,\u00a0 \u00e7e\u015fitli\u00a0 kurumsal\u00a0 firmalarda\u00a0 tecr\u00fcbe edinerek\u00a0 \u00a0Profesyonel tamir ve Bak\u0131m\u00a0 Hizmeti\u00a0 Veriyoruz.. Baz\u0131 kareler \u00a0 [&hellip;]<\/p>\n","protected":false},"author":1,"featured_media":0,"parent":0,"menu_order":0,"comment_status":"closed","ping_status":"closed","template":"","meta":{"footnotes":""},"class_list":["post-45","page","type-page","status-publish","hentry"],"yoast_head":"<!-- This site is optimized with the Yoast SEO plugin v24.9 - https:\/\/yoast.com\/wordpress\/plugins\/seo\/ -->\n<title>Hakk\u0131mda - Foto Tamir Turgut TABAN<\/title>\n<meta name=\"robots\" content=\"index, follow, max-snippet:-1, max-image-preview:large, max-video-preview:-1\" \/>\n<link rel=\"canonical\" href=\"http:\/\/fototamir.com\/?page_id=45\" \/>\n<meta property=\"og:locale\" content=\"tr_TR\" \/>\n<meta property=\"og:type\" content=\"article\" \/>\n<meta property=\"og:title\" content=\"Hakk\u0131mda - Foto Tamir Turgut TABAN\" \/>\n<meta property=\"og:description\" content=\"K\u00fc\u00e7\u00fck ya\u015flarda \u00e7\u0131rakl\u0131ktan yeti\u015fme Elektrik ve Elektrikli ev aletleri alan\u0131nda\u00a0 \u00e7al\u0131\u015farak, Sonras\u0131nda Kad\u0131k\u00f6y Yaz\u0131c\u0131o\u011flu \u0130\u015f han\u0131\u00a0 Elektronik \u00dcr\u00fcnler \u00fczerinde elektronik tamirinde kendimi\u00a0 geli\u015ftirerek, 2003 y\u0131llar\u0131ndan\u00a0 sonra\u00a0 kompakt foto\u011fraf makineleri ile ba\u015flay\u0131p, 2005 y\u0131llar\u0131nda tam anlam\u0131yla\u00a0 foto\u011fraf makinesi Kamera\u00a0 Lens\u00a0 dal\u0131nda uzmanla\u015fm\u0131\u015f,\u00a0 \u00e7e\u015fitli\u00a0 kurumsal\u00a0 firmalarda\u00a0 tecr\u00fcbe edinerek\u00a0 \u00a0Profesyonel tamir ve Bak\u0131m\u00a0 Hizmeti\u00a0 Veriyoruz.. Baz\u0131 kareler \u00a0 [&hellip;]\" \/>\n<meta property=\"og:url\" content=\"http:\/\/fototamir.com\/?page_id=45\" \/>\n<meta property=\"og:site_name\" content=\"Foto Tamir Turgut TABAN\" \/>\n<meta property=\"article:modified_time\" content=\"2020-06-30T18:35:55+00:00\" \/>\n<meta property=\"og:image\" content=\"http:\/\/fototamir.com\/wp-content\/uploads\/2020\/06\/3-1-150x150.png\" \/>\n<meta name=\"twitter:card\" content=\"summary_large_image\" \/>\n<script type=\"application\/ld+json\" class=\"yoast-schema-graph\">{\"@context\":\"https:\/\/schema.org\",\"@graph\":[{\"@type\":\"WebPage\",\"@id\":\"http:\/\/fototamir.com\/?page_id=45\",\"url\":\"http:\/\/fototamir.com\/?page_id=45\",\"name\":\"Hakk\u0131mda - Foto Tamir Turgut TABAN\",\"isPartOf\":{\"@id\":\"http:\/\/fototamir.com\/#website\"},\"primaryImageOfPage\":{\"@id\":\"http:\/\/fototamir.com\/?page_id=45#primaryimage\"},\"image\":{\"@id\":\"http:\/\/fototamir.com\/?page_id=45#primaryimage\"},\"thumbnailUrl\":\"http:\/\/fototamir.com\/wp-content\/uploads\/2020\/06\/3-1-150x150.png\",\"datePublished\":\"2017-12-21T18:36:02+00:00\",\"dateModified\":\"2020-06-30T18:35:55+00:00\",\"breadcrumb\":{\"@id\":\"http:\/\/fototamir.com\/?page_id=45#breadcrumb\"},\"inLanguage\":\"tr\",\"potentialAction\":[{\"@type\":\"ReadAction\",\"target\":[\"http:\/\/fototamir.com\/?page_id=45\"]}]},{\"@type\":\"ImageObject\",\"inLanguage\":\"tr\",\"@id\":\"http:\/\/fototamir.com\/?page_id=45#primaryimage\",\"url\":\"http:\/\/fototamir.com\/wp-content\/uploads\/2020\/06\/3-1.png\",\"contentUrl\":\"http:\/\/fototamir.com\/wp-content\/uploads\/2020\/06\/3-1.png\",\"width\":400,\"height\":267},{\"@type\":\"BreadcrumbList\",\"@id\":\"http:\/\/fototamir.com\/?page_id=45#breadcrumb\",\"itemListElement\":[{\"@type\":\"ListItem\",\"position\":1,\"name\":\"Home\",\"item\":\"http:\/\/fototamir.com\/\"},{\"@type\":\"ListItem\",\"position\":2,\"name\":\"Hakk\u0131mda\"}]},{\"@type\":\"WebSite\",\"@id\":\"http:\/\/fototamir.com\/#website\",\"url\":\"http:\/\/fototamir.com\/\",\"name\":\"Foto Tamir Turgut TABAN\",\"description\":\"Dijital Foto\u011fraf Makinesi &amp; Lens Teknik Servisi\",\"potentialAction\":[{\"@type\":\"SearchAction\",\"target\":{\"@type\":\"EntryPoint\",\"urlTemplate\":\"http:\/\/fototamir.com\/?s={search_term_string}\"},\"query-input\":{\"@type\":\"PropertyValueSpecification\",\"valueRequired\":true,\"valueName\":\"search_term_string\"}}],\"inLanguage\":\"tr\"}]}<\/script>\n<!-- \/ Yoast SEO plugin. -->","yoast_head_json":{"title":"Hakk\u0131mda - Foto Tamir Turgut TABAN","robots":{"index":"index","follow":"follow","max-snippet":"max-snippet:-1","max-image-preview":"max-image-preview:large","max-video-preview":"max-video-preview:-1"},"canonical":"http:\/\/fototamir.com\/?page_id=45","og_locale":"tr_TR","og_type":"article","og_title":"Hakk\u0131mda - Foto Tamir Turgut TABAN","og_description":"K\u00fc\u00e7\u00fck ya\u015flarda \u00e7\u0131rakl\u0131ktan yeti\u015fme Elektrik ve Elektrikli ev aletleri alan\u0131nda\u00a0 \u00e7al\u0131\u015farak, Sonras\u0131nda Kad\u0131k\u00f6y Yaz\u0131c\u0131o\u011flu \u0130\u015f han\u0131\u00a0 Elektronik \u00dcr\u00fcnler \u00fczerinde elektronik tamirinde kendimi\u00a0 geli\u015ftirerek, 2003 y\u0131llar\u0131ndan\u00a0 sonra\u00a0 kompakt foto\u011fraf makineleri ile ba\u015flay\u0131p, 2005 y\u0131llar\u0131nda tam anlam\u0131yla\u00a0 foto\u011fraf makinesi Kamera\u00a0 Lens\u00a0 dal\u0131nda uzmanla\u015fm\u0131\u015f,\u00a0 \u00e7e\u015fitli\u00a0 kurumsal\u00a0 firmalarda\u00a0 tecr\u00fcbe edinerek\u00a0 \u00a0Profesyonel tamir ve Bak\u0131m\u00a0 Hizmeti\u00a0 Veriyoruz.. Baz\u0131 kareler \u00a0 [&hellip;]","og_url":"http:\/\/fototamir.com\/?page_id=45","og_site_name":"Foto Tamir Turgut TABAN","article_modified_time":"2020-06-30T18:35:55+00:00","og_image":[{"url":"http:\/\/fototamir.com\/wp-content\/uploads\/2020\/06\/3-1-150x150.png","type":"","width":"","height":""}],"twitter_card":"summary_large_image","schema":{"@context":"https:\/\/schema.org","@graph":[{"@type":"WebPage","@id":"http:\/\/fototamir.com\/?page_id=45","url":"http:\/\/fototamir.com\/?page_id=45","name":"Hakk\u0131mda - Foto Tamir Turgut TABAN","isPartOf":{"@id":"http:\/\/fototamir.com\/#website"},"primaryImageOfPage":{"@id":"http:\/\/fototamir.com\/?page_id=45#primaryimage"},"image":{"@id":"http:\/\/fototamir.com\/?page_id=45#primaryimage"},"thumbnailUrl":"http:\/\/fototamir.com\/wp-content\/uploads\/2020\/06\/3-1-150x150.png","datePublished":"2017-12-21T18:36:02+00:00","dateModified":"2020-06-30T18:35:55+00:00","breadcrumb":{"@id":"http:\/\/fototamir.com\/?page_id=45#breadcrumb"},"inLanguage":"tr","potentialAction":[{"@type":"ReadAction","target":["http:\/\/fototamir.com\/?page_id=45"]}]},{"@type":"ImageObject","inLanguage":"tr","@id":"http:\/\/fototamir.com\/?page_id=45#primaryimage","url":"http:\/\/fototamir.com\/wp-content\/uploads\/2020\/06\/3-1.png","contentUrl":"http:\/\/fototamir.com\/wp-content\/uploads\/2020\/06\/3-1.png","width":400,"height":267},{"@type":"BreadcrumbList","@id":"http:\/\/fototamir.com\/?page_id=45#breadcrumb","itemListElement":[{"@type":"ListItem","position":1,"name":"Home","item":"http:\/\/fototamir.com\/"},{"@type":"ListItem","position":2,"name":"Hakk\u0131mda"}]},{"@type":"WebSite","@id":"http:\/\/fototamir.com\/#website","url":"http:\/\/fototamir.com\/","name":"Foto Tamir Turgut TABAN","description":"Dijital Foto\u011fraf Makinesi &amp; Lens Teknik Servisi","potentialAction":[{"@type":"SearchAction","target":{"@type":"EntryPoint","urlTemplate":"http:\/\/fototamir.com\/?s={search_term_string}"},"query-input":{"@type":"PropertyValueSpecification","valueRequired":true,"valueName":"search_term_string"}}],"inLanguage":"tr"}]}},"_links":{"self":[{"href":"http:\/\/fototamir.com\/index.php?rest_route=\/wp\/v2\/pages\/45","targetHints":{"allow":["GET"]}}],"collection":[{"href":"http:\/\/fototamir.com\/index.php?rest_route=\/wp\/v2\/pages"}],"about":[{"href":"http:\/\/fototamir.com\/index.php?rest_route=\/wp\/v2\/types\/page"}],"author":[{"embeddable":true,"href":"http:\/\/fototamir.com\/index.php?rest_route=\/wp\/v2\/users\/1"}],"replies":[{"embeddable":true,"href":"http:\/\/fototamir.com\/index.php?rest_route=%2Fwp%2Fv2%2Fcomments&post=45"}],"version-history":[{"count":48,"href":"http:\/\/fototamir.com\/index.php?rest_route=\/wp\/v2\/pages\/45\/revisions"}],"predecessor-version":[{"id":394,"href":"http:\/\/fototamir.com\/index.php?rest_route=\/wp\/v2\/pages\/45\/revisions\/394"}],"wp:attachment":[{"href":"http:\/\/fototamir.com\/index.php?rest_route=%2Fwp%2Fv2%2Fmedia&parent=45"}],"curies":[{"name":"wp","href":"https:\/\/api.w.org\/{rel}","templated":true}]}}