{"id":49,"date":"2017-12-21T22:07:39","date_gmt":"2017-12-21T19:07:39","guid":{"rendered":"http:\/\/demo.gesro.net\/teknikservis\/?page_id=49"},"modified":"2020-06-30T21:41:45","modified_gmt":"2020-06-30T18:41:45","slug":"sss","status":"publish","type":"page","link":"http:\/\/fototamir.com\/?page_id=49","title":{"rendered":""},"content":{"rendered":"<div class=\"block\">\n<div class=\"container\">\n<h2>S\u0131k sorulan <span class=\"color\">Sorular<\/span><\/h2>\n<div class=\"panel-group\">\n<div class=\"faq-item\">\n<div class=\"panel\">\n<h3 class=\"panel-heading\"><span style=\"color: #3366ff;\"><a style=\"color: #3366ff;\" role=\"button\" href=\"http:\/\/www.fototamir.com\" data-toggle=\"collapse\">Onar\u0131m \/ s\u00fcresi ne kadar s\u00fcrecek ?<\/a><\/span><\/h3>\n<div id=\"faq1\" class=\"panel-collapse collapse in\">\n<div class=\"panel-body\">\n<p>M\u00fc\u015fterilerimizin Servis Noktam\u0131za getirdi\u011fi Foto\u011fraf Makineleri, Lensler ve Flash gibi \u00fcr\u00fcnlerin\u00a0 ar\u0131zalar\u0131yla ilgili \u015fikayetlerini S\u00f6ylediklerinde\u00a0 ilk inceleme sonucunda neler yap\u0131labilece\u011fimizi\u00a0 \u00a0Onar\u0131m\u00a0 veya Par\u00e7a de\u011fi\u015fimiyle alakal\u0131 \u00f6n bilgi vermekteyiz.. \u00e7o\u011fu zaman 1-2 Saat i\u00e7inde ar\u0131zal\u0131 Cihaz\u0131n\u0131z\u0131\u00a0 onar\u0131m\u0131n\u0131 yap\u0131p teslim ediyoruz.\u00a0 Baz\u0131 durumlarda i\u015f yo\u011funlu\u011fu veya par\u00e7a temin s\u00fcresine ba\u011fl\u0131 birka\u00e7 g\u00fcn bekletebiliriz.. T\u00fcm olas\u0131l\u0131klar\u0131 Sizlere bilgilendiriyoruz..<\/p>\n<\/div>\n<\/div>\n<\/div>\n<\/div>\n<div class=\"faq-item\">\n<div class=\"panel\">\n<h3 class=\"panel-heading\"><span style=\"color: #3366ff;\"><a style=\"color: #3366ff;\" href=\"http:\/\/www.fototamir.com\">Onar\u0131m ne kadara m\u00e2l olur ?<\/a><\/span><\/h3>\n<div id=\"faq2\" class=\"panel-collapse collapse in\">\n<div class=\"panel-body\">Fototamir\u00a0 Turgut TABAN\u00a0 \u00a0Ar\u0131za Tespit Hizmetimiz\u00a0 \u00dcCRETS\u0130ZD\u0130R..\u00a0 Cihaz\u0131n\u0131z\u0131n\u00a0 \u0130lk inceleme sonucunda, ( par\u00e7a de\u011fi\u015fmeden )\u00a0 onar\u0131m yap\u0131lacaksa.\u00a0 minimum ve\u00a0 maksimum gibi a\u015fa yukar\u0131 fiyat bilgisi verilir.. bu fiyat aral\u0131\u011f\u0131 ar\u0131zan\u0131n\u00a0 \u00a0ne derece derin ar\u0131za olmas\u0131yla\u00a0 alakal\u0131d\u0131r.. par\u00e7a de\u011fi\u015fecek olan ar\u0131zalarda fiyat net s\u00f6ylenmektedir..<\/div>\n<\/div>\n<\/div>\n<\/div>\n<div class=\"faq-item\">\n<div class=\"panel\">\n<h3 class=\"panel-heading\"><span style=\"color: #3366ff;\"><a style=\"color: #3366ff;\" role=\"button\" href=\"http:\/\/www.fototamir.com\" data-toggle=\"collapse\">Onar\u0131m\u0131 yap\u0131lan cihaz\u0131m\u0131n performans kayb\u0131 olur mu ?<\/a><\/span><\/h3>\n<div id=\"faq4\" class=\"panel-collapse collapse in\">\n<div class=\"panel-body\">\n<p>Cihaz\u0131n\u0131z\u0131n ar\u0131zal\u0131 olan gurubun tam yerine m\u00fcdahale ediyoruz.. \u00f6rnek verirsek body, lerde\u00a0 makinenizde anakart, besleme devresi, flash devresi, diyafram gurubu, Shutter mekanizmas\u0131\u00a0 \u00a0gibi\u00a0 guruplar halinde s\u00f6k\u00fcl\u00fcyor.. ar\u0131zal\u0131 olan gurubun onar\u0131m sonucunda, guruplar halinde toplan\u0131p\u00a0 cihaz\u0131n\u0131z\u0131 sorunsuz ve hi\u00e7bir kayb\u0131\u00a0 olmadan sizlere teslim ediyoruz..<\/p>\n<\/div>\n<\/div>\n<\/div>\n<\/div>\n<div class=\"faq-item\">\n<div class=\"panel\">\n<h3 class=\"panel-heading\"><span style=\"color: #3366ff;\"><a style=\"color: #3366ff;\" role=\"button\" href=\"http:\/\/www.fototamir.com\" data-toggle=\"collapse\">Body\u00a0 veya Lensimde ilk g\u00fcnk\u00fc Netlik yok ?<\/a><\/span><\/h3>\n<div id=\"faq5\" class=\"panel-collapse collapse in\">\n<div class=\"panel-body\">\n<p>DSLR\u00a0 Foto\u011fraf makineleri\u00a0 ve lensler\u00a0 fabrika \u00fcretimin sonunda Merkez netlik noktas\u0131na ayarlanarak Kalibrasyon yap\u0131larak sat\u0131lmaktad\u0131r.\u00a0 siz foto\u011fraf sevenlerin makineyi kullanmaya ba\u015flad\u0131\u011f\u0131n\u0131zda,\u00a0 \u00e7al\u0131\u015fan mekanizman\u0131n\u00a0 \u00a0( shutter gurubu\u00a0 ve ayna gurubu )\u00a0 Lenslerde\u00a0 zoom kasas\u0131n\u0131n\u00a0 ve oto fokus\u00a0 mekanizmas\u0131\u00a0 hareket ettik\u00e7e\u00a0 mikron seviyesinde\u00a0 zamanla a\u015f\u0131nmalar ba\u015fl\u0131yor.. bu y\u0131pranmalar ve a\u015f\u0131nmalar, tozlu ortamlarda kullan\u0131lan cihazlarda,\u00a0 d\u00fc\u015f\u00fcrme yada\u00a0 darbe alma sonucu\u00a0 \u00a0daha k\u0131sa s\u00fcrede deformasyonlar\u00a0 ba\u015flamaktad\u0131r. Netlik ve Keskinlik kayb\u0131 olmu\u015f cihazlarda par\u00e7a de\u011fi\u015ftirilerek veya kalibrasyon yap\u0131larak d\u00fczeltiyoruz.. Cihazlar\u0131n\u0131z\u0131n\u00a0 bak\u0131m\u0131n\u0131 yapt\u0131rarak. Erken fark edilmesi burada \u00f6nem kazan\u0131yor..<\/p>\n<\/div>\n<\/div>\n<\/div>\n<\/div>\n<\/div>\n<\/div>\n<\/div>\n\n\n<p><\/p>\n","protected":false},"excerpt":{"rendered":"<p>S\u0131k sorulan Sorular Onar\u0131m \/ s\u00fcresi ne kadar s\u00fcrecek ? M\u00fc\u015fterilerimizin Servis Noktam\u0131za getirdi\u011fi Foto\u011fraf Makineleri, Lensler ve Flash gibi \u00fcr\u00fcnlerin\u00a0 ar\u0131zalar\u0131yla ilgili \u015fikayetlerini S\u00f6ylediklerinde\u00a0 ilk inceleme sonucunda neler yap\u0131labilece\u011fimizi\u00a0 \u00a0Onar\u0131m\u00a0 veya Par\u00e7a de\u011fi\u015fimiyle alakal\u0131 \u00f6n bilgi vermekteyiz.. \u00e7o\u011fu zaman 1-2 Saat i\u00e7inde ar\u0131zal\u0131 Cihaz\u0131n\u0131z\u0131\u00a0 onar\u0131m\u0131n\u0131 yap\u0131p teslim ediyoruz.\u00a0 Baz\u0131 durumlarda i\u015f yo\u011funlu\u011fu veya par\u00e7a [&hellip;]<\/p>\n","protected":false},"author":1,"featured_media":0,"parent":0,"menu_order":0,"comment_status":"closed","ping_status":"closed","template":"","meta":{"footnotes":""},"class_list":["post-49","page","type-page","status-publish","hentry"],"yoast_head":"<!-- This site is optimized with the Yoast SEO plugin v24.9 - https:\/\/yoast.com\/wordpress\/plugins\/seo\/ -->\n<title>- Foto Tamir Turgut TABAN<\/title>\n<meta name=\"robots\" content=\"index, follow, max-snippet:-1, max-image-preview:large, max-video-preview:-1\" \/>\n<link rel=\"canonical\" href=\"https:\/\/fototamir.com\/?page_id=49\" \/>\n<meta property=\"og:locale\" content=\"tr_TR\" \/>\n<meta property=\"og:type\" content=\"article\" \/>\n<meta property=\"og:title\" content=\"- Foto Tamir Turgut TABAN\" \/>\n<meta property=\"og:description\" content=\"S\u0131k sorulan Sorular Onar\u0131m \/ s\u00fcresi ne kadar s\u00fcrecek ? M\u00fc\u015fterilerimizin Servis Noktam\u0131za getirdi\u011fi Foto\u011fraf Makineleri, Lensler ve Flash gibi \u00fcr\u00fcnlerin\u00a0 ar\u0131zalar\u0131yla ilgili \u015fikayetlerini S\u00f6ylediklerinde\u00a0 ilk inceleme sonucunda neler yap\u0131labilece\u011fimizi\u00a0 \u00a0Onar\u0131m\u00a0 veya Par\u00e7a de\u011fi\u015fimiyle alakal\u0131 \u00f6n bilgi vermekteyiz.. \u00e7o\u011fu zaman 1-2 Saat i\u00e7inde ar\u0131zal\u0131 Cihaz\u0131n\u0131z\u0131\u00a0 onar\u0131m\u0131n\u0131 yap\u0131p teslim ediyoruz.\u00a0 Baz\u0131 durumlarda i\u015f yo\u011funlu\u011fu veya par\u00e7a [&hellip;]\" \/>\n<meta property=\"og:url\" content=\"https:\/\/fototamir.com\/?page_id=49\" \/>\n<meta property=\"og:site_name\" content=\"Foto Tamir Turgut TABAN\" \/>\n<meta property=\"article:modified_time\" content=\"2020-06-30T18:41:45+00:00\" \/>\n<meta name=\"twitter:card\" content=\"summary_large_image\" \/>\n<meta name=\"twitter:label1\" content=\"Tahmini okuma s\u00fcresi\" \/>\n\t<meta name=\"twitter:data1\" content=\"2 dakika\" \/>\n<script type=\"application\/ld+json\" class=\"yoast-schema-graph\">{\"@context\":\"https:\/\/schema.org\",\"@graph\":[{\"@type\":\"WebPage\",\"@id\":\"https:\/\/fototamir.com\/?page_id=49\",\"url\":\"https:\/\/fototamir.com\/?page_id=49\",\"name\":\"- Foto Tamir Turgut TABAN\",\"isPartOf\":{\"@id\":\"https:\/\/fototamir.com\/#website\"},\"datePublished\":\"2017-12-21T19:07:39+00:00\",\"dateModified\":\"2020-06-30T18:41:45+00:00\",\"inLanguage\":\"tr\",\"potentialAction\":[{\"@type\":\"ReadAction\",\"target\":[\"https:\/\/fototamir.com\/?page_id=49\"]}]},{\"@type\":\"WebSite\",\"@id\":\"https:\/\/fototamir.com\/#website\",\"url\":\"https:\/\/fototamir.com\/\",\"name\":\"Foto Tamir Turgut TABAN\",\"description\":\"Dijital Foto\u011fraf Makinesi &amp; Lens Teknik Servisi\",\"potentialAction\":[{\"@type\":\"SearchAction\",\"target\":{\"@type\":\"EntryPoint\",\"urlTemplate\":\"https:\/\/fototamir.com\/?s={search_term_string}\"},\"query-input\":{\"@type\":\"PropertyValueSpecification\",\"valueRequired\":true,\"valueName\":\"search_term_string\"}}],\"inLanguage\":\"tr\"}]}<\/script>\n<!-- \/ Yoast SEO plugin. -->","yoast_head_json":{"title":"- Foto Tamir Turgut TABAN","robots":{"index":"index","follow":"follow","max-snippet":"max-snippet:-1","max-image-preview":"max-image-preview:large","max-video-preview":"max-video-preview:-1"},"canonical":"https:\/\/fototamir.com\/?page_id=49","og_locale":"tr_TR","og_type":"article","og_title":"- Foto Tamir Turgut TABAN","og_description":"S\u0131k sorulan Sorular Onar\u0131m \/ s\u00fcresi ne kadar s\u00fcrecek ? M\u00fc\u015fterilerimizin Servis Noktam\u0131za getirdi\u011fi Foto\u011fraf Makineleri, Lensler ve Flash gibi \u00fcr\u00fcnlerin\u00a0 ar\u0131zalar\u0131yla ilgili \u015fikayetlerini S\u00f6ylediklerinde\u00a0 ilk inceleme sonucunda neler yap\u0131labilece\u011fimizi\u00a0 \u00a0Onar\u0131m\u00a0 veya Par\u00e7a de\u011fi\u015fimiyle alakal\u0131 \u00f6n bilgi vermekteyiz.. \u00e7o\u011fu zaman 1-2 Saat i\u00e7inde ar\u0131zal\u0131 Cihaz\u0131n\u0131z\u0131\u00a0 onar\u0131m\u0131n\u0131 yap\u0131p teslim ediyoruz.\u00a0 Baz\u0131 durumlarda i\u015f yo\u011funlu\u011fu veya par\u00e7a [&hellip;]","og_url":"https:\/\/fototamir.com\/?page_id=49","og_site_name":"Foto Tamir Turgut TABAN","article_modified_time":"2020-06-30T18:41:45+00:00","twitter_card":"summary_large_image","twitter_misc":{"Tahmini okuma s\u00fcresi":"2 dakika"},"schema":{"@context":"https:\/\/schema.org","@graph":[{"@type":"WebPage","@id":"https:\/\/fototamir.com\/?page_id=49","url":"https:\/\/fototamir.com\/?page_id=49","name":"- Foto Tamir Turgut TABAN","isPartOf":{"@id":"https:\/\/fototamir.com\/#website"},"datePublished":"2017-12-21T19:07:39+00:00","dateModified":"2020-06-30T18:41:45+00:00","inLanguage":"tr","potentialAction":[{"@type":"ReadAction","target":["https:\/\/fototamir.com\/?page_id=49"]}]},{"@type":"WebSite","@id":"https:\/\/fototamir.com\/#website","url":"https:\/\/fototamir.com\/","name":"Foto Tamir Turgut TABAN","description":"Dijital Foto\u011fraf Makinesi &amp; Lens Teknik Servisi","potentialAction":[{"@type":"SearchAction","target":{"@type":"EntryPoint","urlTemplate":"https:\/\/fototamir.com\/?s={search_term_string}"},"query-input":{"@type":"PropertyValueSpecification","valueRequired":true,"valueName":"search_term_string"}}],"inLanguage":"tr"}]}},"_links":{"self":[{"href":"http:\/\/fototamir.com\/index.php?rest_route=\/wp\/v2\/pages\/49","targetHints":{"allow":["GET"]}}],"collection":[{"href":"http:\/\/fototamir.com\/index.php?rest_route=\/wp\/v2\/pages"}],"about":[{"href":"http:\/\/fototamir.com\/index.php?rest_route=\/wp\/v2\/types\/page"}],"author":[{"embeddable":true,"href":"http:\/\/fototamir.com\/index.php?rest_route=\/wp\/v2\/users\/1"}],"replies":[{"embeddable":true,"href":"http:\/\/fototamir.com\/index.php?rest_route=%2Fwp%2Fv2%2Fcomments&post=49"}],"version-history":[{"count":15,"href":"http:\/\/fototamir.com\/index.php?rest_route=\/wp\/v2\/pages\/49\/revisions"}],"predecessor-version":[{"id":398,"href":"http:\/\/fototamir.com\/index.php?rest_route=\/wp\/v2\/pages\/49\/revisions\/398"}],"wp:attachment":[{"href":"http:\/\/fototamir.com\/index.php?rest_route=%2Fwp%2Fv2%2Fmedia&parent=49"}],"curies":[{"name":"wp","href":"https:\/\/api.w.org\/{rel}","templated":true}]}}